{"id":1444,"date":"2022-10-10T03:17:52","date_gmt":"2022-10-10T03:17:52","guid":{"rendered":"https:\/\/turquesa.com.bo\/?page_id=1444"},"modified":"2026-04-05T19:35:15","modified_gmt":"2026-04-05T19:35:15","slug":"jazmin","status":"publish","type":"page","link":"https:\/\/turquesa.com.bo\/?page_id=1444","title":{"rendered":"Sof\u00edaoo"},"content":{"rendered":"\t\t<div data-elementor-type=\"wp-page\" data-elementor-id=\"1444\" class=\"elementor elementor-1444\">\n\t\t\t\t\t\t\t\t\t<section class=\"elementor-section elementor-top-section elementor-element elementor-element-3371bd3 elementor-section-boxed elementor-section-height-default elementor-section-height-default\" data-id=\"3371bd3\" data-element_type=\"section\">\n\t\t\t\t\t\t<div class=\"elementor-container elementor-column-gap-default\">\n\t\t\t\t\t<div class=\"elementor-column elementor-col-100 elementor-top-column elementor-element elementor-element-3ef0dc8\" data-id=\"3ef0dc8\" data-element_type=\"column\">\n\t\t\t<div class=\"elementor-widget-wrap elementor-element-populated\">\n\t\t\t\t\t\t\t\t<div class=\"elementor-element elementor-element-af7ee22 elementor-widget elementor-widget-heading\" data-id=\"af7ee22\" data-element_type=\"widget\" data-widget_type=\"heading.default\">\n\t\t\t\t<div class=\"elementor-widget-container\">\n\t\t\t<style>\/*! elementor - v3.7.7 - 20-09-2022 *\/\n.elementor-heading-title{padding:0;margin:0;line-height:1}.elementor-widget-heading .elementor-heading-title[class*=elementor-size-]>a{color:inherit;font-size:inherit;line-height:inherit}.elementor-widget-heading .elementor-heading-title.elementor-size-small{font-size:15px}.elementor-widget-heading .elementor-heading-title.elementor-size-medium{font-size:19px}.elementor-widget-heading .elementor-heading-title.elementor-size-large{font-size:29px}.elementor-widget-heading .elementor-heading-title.elementor-size-xl{font-size:39px}.elementor-widget-heading .elementor-heading-title.elementor-size-xxl{font-size:59px}<\/style><h2 class=\"elementor-heading-title elementor-size-default\">Sof\u00eda<\/h2>\t\t<\/div>\n\t\t\t\t<\/div>\n\t\t\t\t\t<\/div>\n\t\t<\/div>\n\t\t\t\t\t\t\t<\/div>\n\t\t<\/section>\n\t\t\t\t<section class=\"elementor-section elementor-top-section elementor-element elementor-element-6cecc19 elementor-section-boxed elementor-section-height-default elementor-section-height-default\" data-id=\"6cecc19\" data-element_type=\"section\">\n\t\t\t\t\t\t<div class=\"elementor-container elementor-column-gap-default\">\n\t\t\t\t\t<div class=\"elementor-column elementor-col-100 elementor-top-column elementor-element elementor-element-e0f54d0\" data-id=\"e0f54d0\" data-element_type=\"column\">\n\t\t\t<div class=\"elementor-widget-wrap elementor-element-populated\">\n\t\t\t\t\t\t\t\t<div class=\"elementor-element elementor-element-7db8cb2 elementor-widget elementor-widget-text-editor\" data-id=\"7db8cb2\" data-element_type=\"widget\" data-widget_type=\"text-editor.default\">\n\t\t\t\t<div class=\"elementor-widget-container\">\n\t\t\t<style>\/*! elementor - v3.7.7 - 20-09-2022 *\/\n.elementor-widget-text-editor.elementor-drop-cap-view-stacked .elementor-drop-cap{background-color:#818a91;color:#fff}.elementor-widget-text-editor.elementor-drop-cap-view-framed .elementor-drop-cap{color:#818a91;border:3px solid;background-color:transparent}.elementor-widget-text-editor:not(.elementor-drop-cap-view-default) .elementor-drop-cap{margin-top:8px}.elementor-widget-text-editor:not(.elementor-drop-cap-view-default) .elementor-drop-cap-letter{width:1em;height:1em}.elementor-widget-text-editor .elementor-drop-cap{float:left;text-align:center;line-height:1;font-size:50px}.elementor-widget-text-editor .elementor-drop-cap-letter{display:inline-block}<\/style>\t\t\t\t<p style=\"text-align: center;\"><strong>Tengo 19 a\u00f1itos<\/strong> me considero una persona muy fogosa, adoro escuchar y me gusta la m\u00fasica electr\u00f3nica. <strong>Soy de tez blanca<\/strong>, me considero una persona muy alegre con un gran sentido del humor, carism\u00e1tica, cari\u00f1osa y atenta.<\/p><p style=\"text-align: center;\"><strong>Escorpio<\/strong><\/p><p style=\"text-align: center;\">\u00a1El signo m\u00e1s intenso del Zodiaco! Atractivas, espont\u00e1neas y pasionales, se les suele asociar con el sexo en muchas ocasiones. Las personas de este signo dominan todas las t\u00e9cnicas de seducci\u00f3n y tienen un insaciable apetito sexual.<\/p>\t\t\t\t\t\t<\/div>\n\t\t\t\t<\/div>\n\t\t\t\t<div class=\"elementor-element elementor-element-c361c01 elementor-align-center elementor-widget elementor-widget-button\" data-id=\"c361c01\" data-element_type=\"widget\" data-widget_type=\"button.default\">\n\t\t\t\t<div class=\"elementor-widget-container\">\n\t\t\t\t\t<div class=\"elementor-button-wrapper\">\n\t\t\t<a href=\"https:\/\/wa.link\/yy1pwg\" class=\"elementor-button-link elementor-button elementor-size-sm\" role=\"button\">\n\t\t\t\t\t\t<span class=\"elementor-button-content-wrapper\">\n\t\t\t\t\t\t<span class=\"elementor-button-text\">whatsapp<\/span>\n\t\t<\/span>\n\t\t\t\t\t<\/a>\n\t\t<\/div>\n\t\t\t\t<\/div>\n\t\t\t\t<\/div>\n\t\t\t\t<div class=\"elementor-element elementor-element-9c62f8a elementor-widget elementor-widget-image\" data-id=\"9c62f8a\" data-element_type=\"widget\" data-widget_type=\"image.default\">\n\t\t\t\t<div class=\"elementor-widget-container\">\n\t\t\t<style>\/*! elementor - v3.7.7 - 20-09-2022 *\/\n.elementor-widget-image{text-align:center}.elementor-widget-image a{display:inline-block}.elementor-widget-image a img[src$=\".svg\"]{width:48px}.elementor-widget-image img{vertical-align:middle;display:inline-block}<\/style>\t\t\t\t\t\t\t\t\t\t\t\t<img width=\"695\" height=\"1024\" src=\"https:\/\/turquesa.com.bo\/wp-content\/uploads\/2022\/12\/WhatsApp-Image-2022-11-27-at-20.14.05-2-695x1024.jpeg\" class=\"attachment-large size-large\" alt=\"\" loading=\"lazy\" srcset=\"https:\/\/turquesa.com.bo\/wp-content\/uploads\/2022\/12\/WhatsApp-Image-2022-11-27-at-20.14.05-2-695x1024.jpeg 695w, https:\/\/turquesa.com.bo\/wp-content\/uploads\/2022\/12\/WhatsApp-Image-2022-11-27-at-20.14.05-2-204x300.jpeg 204w, https:\/\/turquesa.com.bo\/wp-content\/uploads\/2022\/12\/WhatsApp-Image-2022-11-27-at-20.14.05-2-768x1131.jpeg 768w, https:\/\/turquesa.com.bo\/wp-content\/uploads\/2022\/12\/WhatsApp-Image-2022-11-27-at-20.14.05-2-600x884.jpeg 600w, https:\/\/turquesa.com.bo\/wp-content\/uploads\/2022\/12\/WhatsApp-Image-2022-11-27-at-20.14.05-2.jpeg 926w\" sizes=\"(max-width: 695px) 100vw, 695px\" \/>\t\t\t\t\t\t\t\t\t\t\t\t\t\t\t<\/div>\n\t\t\t\t<\/div>\n\t\t\t\t<div class=\"elementor-element elementor-element-dc268c2 elementor-widget elementor-widget-image\" data-id=\"dc268c2\" data-element_type=\"widget\" data-widget_type=\"image.default\">\n\t\t\t\t<div class=\"elementor-widget-container\">\n\t\t\t\t\t\t\t\t\t\t\t\t\t\t\t<img width=\"790\" height=\"847\" src=\"https:\/\/turquesa.com.bo\/wp-content\/uploads\/2022\/12\/WhatsApp-Image-2022-11-27-at-20.14.06.jpeg\" class=\"attachment-large size-large\" alt=\"\" loading=\"lazy\" srcset=\"https:\/\/turquesa.com.bo\/wp-content\/uploads\/2022\/12\/WhatsApp-Image-2022-11-27-at-20.14.06.jpeg 790w, https:\/\/turquesa.com.bo\/wp-content\/uploads\/2022\/12\/WhatsApp-Image-2022-11-27-at-20.14.06-280x300.jpeg 280w, https:\/\/turquesa.com.bo\/wp-content\/uploads\/2022\/12\/WhatsApp-Image-2022-11-27-at-20.14.06-768x823.jpeg 768w, https:\/\/turquesa.com.bo\/wp-content\/uploads\/2022\/12\/WhatsApp-Image-2022-11-27-at-20.14.06-600x643.jpeg 600w\" sizes=\"(max-width: 790px) 100vw, 790px\" \/>\t\t\t\t\t\t\t\t\t\t\t\t\t\t\t<\/div>\n\t\t\t\t<\/div>\n\t\t\t\t<div class=\"elementor-element elementor-element-a98ca64 elementor-widget elementor-widget-image\" data-id=\"a98ca64\" data-element_type=\"widget\" data-widget_type=\"image.default\">\n\t\t\t\t<div class=\"elementor-widget-container\">\n\t\t\t\t\t\t\t\t\t\t\t\t\t\t\t<img width=\"576\" height=\"1024\" src=\"https:\/\/turquesa.com.bo\/wp-content\/uploads\/2022\/12\/WhatsApp-Image-2022-11-27-at-20.14.07-1-576x1024.jpeg\" class=\"attachment-large size-large\" alt=\"\" loading=\"lazy\" srcset=\"https:\/\/turquesa.com.bo\/wp-content\/uploads\/2022\/12\/WhatsApp-Image-2022-11-27-at-20.14.07-1-576x1024.jpeg 576w, https:\/\/turquesa.com.bo\/wp-content\/uploads\/2022\/12\/WhatsApp-Image-2022-11-27-at-20.14.07-1-169x300.jpeg 169w, https:\/\/turquesa.com.bo\/wp-content\/uploads\/2022\/12\/WhatsApp-Image-2022-11-27-at-20.14.07-1-600x1067.jpeg 600w, https:\/\/turquesa.com.bo\/wp-content\/uploads\/2022\/12\/WhatsApp-Image-2022-11-27-at-20.14.07-1.jpeg 720w\" sizes=\"(max-width: 576px) 100vw, 576px\" \/>\t\t\t\t\t\t\t\t\t\t\t\t\t\t\t<\/div>\n\t\t\t\t<\/div>\n\t\t\t\t\t<\/div>\n\t\t<\/div>\n\t\t\t\t\t\t\t<\/div>\n\t\t<\/section>\n\t\t\t\t<section class=\"elementor-section elementor-top-section elementor-element elementor-element-419a12f elementor-section-boxed elementor-section-height-default elementor-section-height-default\" data-id=\"419a12f\" data-element_type=\"section\">\n\t\t\t\t\t\t<div class=\"elementor-container elementor-column-gap-default\">\n\t\t\t\t\t<div class=\"elementor-column elementor-col-100 elementor-top-column elementor-element elementor-element-b659c77\" data-id=\"b659c77\" data-element_type=\"column\">\n\t\t\t<div class=\"elementor-widget-wrap elementor-element-populated\">\n\t\t\t\t\t\t\t\t<div class=\"elementor-element elementor-element-74dd4f1 elementor-widget elementor-widget-image\" data-id=\"74dd4f1\" data-element_type=\"widget\" data-widget_type=\"image.default\">\n\t\t\t\t<div class=\"elementor-widget-container\">\n\t\t\t\t\t\t\t\t\t\t\t\t\t\t\t<img width=\"768\" height=\"1024\" src=\"https:\/\/turquesa.com.bo\/wp-content\/uploads\/2022\/12\/WhatsApp-Image-2022-11-27-at-20.14.05-768x1024.jpeg\" class=\"attachment-large size-large\" alt=\"\" loading=\"lazy\" srcset=\"https:\/\/turquesa.com.bo\/wp-content\/uploads\/2022\/12\/WhatsApp-Image-2022-11-27-at-20.14.05-768x1024.jpeg 768w, https:\/\/turquesa.com.bo\/wp-content\/uploads\/2022\/12\/WhatsApp-Image-2022-11-27-at-20.14.05-225x300.jpeg 225w, https:\/\/turquesa.com.bo\/wp-content\/uploads\/2022\/12\/WhatsApp-Image-2022-11-27-at-20.14.05-600x800.jpeg 600w, https:\/\/turquesa.com.bo\/wp-content\/uploads\/2022\/12\/WhatsApp-Image-2022-11-27-at-20.14.05.jpeg 960w\" sizes=\"(max-width: 768px) 100vw, 768px\" \/>\t\t\t\t\t\t\t\t\t\t\t\t\t\t\t<\/div>\n\t\t\t\t<\/div>\n\t\t\t\t\t<\/div>\n\t\t<\/div>\n\t\t\t\t\t\t\t<\/div>\n\t\t<\/section>\n\t\t\t\t<section class=\"elementor-section elementor-top-section elementor-element elementor-element-1db2a0d elementor-section-boxed elementor-section-height-default elementor-section-height-default\" data-id=\"1db2a0d\" data-element_type=\"section\">\n\t\t\t\t\t\t<div class=\"elementor-container elementor-column-gap-default\">\n\t\t\t\t\t<div class=\"elementor-column elementor-col-100 elementor-top-column elementor-element elementor-element-f130158\" data-id=\"f130158\" data-element_type=\"column\">\n\t\t\t<div class=\"elementor-widget-wrap elementor-element-populated\">\n\t\t\t\t\t\t\t\t<div class=\"elementor-element elementor-element-2c1c19e elementor-widget elementor-widget-image\" data-id=\"2c1c19e\" data-element_type=\"widget\" data-widget_type=\"image.default\">\n\t\t\t\t<div class=\"elementor-widget-container\">\n\t\t\t\t\t\t\t\t\t\t\t\t\t\t\t<img width=\"790\" height=\"847\" src=\"https:\/\/turquesa.com.bo\/wp-content\/uploads\/2022\/12\/WhatsApp-Image-2022-11-27-at-20.14.06.jpeg\" class=\"attachment-large size-large\" alt=\"\" loading=\"lazy\" srcset=\"https:\/\/turquesa.com.bo\/wp-content\/uploads\/2022\/12\/WhatsApp-Image-2022-11-27-at-20.14.06.jpeg 790w, https:\/\/turquesa.com.bo\/wp-content\/uploads\/2022\/12\/WhatsApp-Image-2022-11-27-at-20.14.06-280x300.jpeg 280w, https:\/\/turquesa.com.bo\/wp-content\/uploads\/2022\/12\/WhatsApp-Image-2022-11-27-at-20.14.06-768x823.jpeg 768w, https:\/\/turquesa.com.bo\/wp-content\/uploads\/2022\/12\/WhatsApp-Image-2022-11-27-at-20.14.06-600x643.jpeg 600w\" sizes=\"(max-width: 790px) 100vw, 790px\" \/>\t\t\t\t\t\t\t\t\t\t\t\t\t\t\t<\/div>\n\t\t\t\t<\/div>\n\t\t\t\t\t<\/div>\n\t\t<\/div>\n\t\t\t\t\t\t\t<\/div>\n\t\t<\/section>\n\t\t\t\t<section class=\"elementor-section elementor-top-section elementor-element elementor-element-0cbb7b5 elementor-section-boxed elementor-section-height-default elementor-section-height-default\" data-id=\"0cbb7b5\" data-element_type=\"section\">\n\t\t\t\t\t\t<div class=\"elementor-container elementor-column-gap-default\">\n\t\t\t\t\t<div class=\"elementor-column elementor-col-100 elementor-top-column elementor-element elementor-element-168b8b6\" data-id=\"168b8b6\" data-element_type=\"column\">\n\t\t\t<div class=\"elementor-widget-wrap elementor-element-populated\">\n\t\t\t\t\t\t\t\t<div class=\"elementor-element elementor-element-7552851 elementor-widget elementor-widget-image\" data-id=\"7552851\" data-element_type=\"widget\" data-widget_type=\"image.default\">\n\t\t\t\t<div class=\"elementor-widget-container\">\n\t\t\t\t\t\t\t\t\t\t\t\t\t\t\t<img width=\"576\" height=\"1024\" src=\"https:\/\/turquesa.com.bo\/wp-content\/uploads\/2022\/12\/WhatsApp-Image-2022-11-27-at-20.14.08-576x1024.jpeg\" class=\"attachment-large size-large\" alt=\"\" loading=\"lazy\" srcset=\"https:\/\/turquesa.com.bo\/wp-content\/uploads\/2022\/12\/WhatsApp-Image-2022-11-27-at-20.14.08-576x1024.jpeg 576w, https:\/\/turquesa.com.bo\/wp-content\/uploads\/2022\/12\/WhatsApp-Image-2022-11-27-at-20.14.08-169x300.jpeg 169w, https:\/\/turquesa.com.bo\/wp-content\/uploads\/2022\/12\/WhatsApp-Image-2022-11-27-at-20.14.08-600x1067.jpeg 600w, https:\/\/turquesa.com.bo\/wp-content\/uploads\/2022\/12\/WhatsApp-Image-2022-11-27-at-20.14.08.jpeg 720w\" sizes=\"(max-width: 576px) 100vw, 576px\" \/>\t\t\t\t\t\t\t\t\t\t\t\t\t\t\t<\/div>\n\t\t\t\t<\/div>\n\t\t\t\t\t<\/div>\n\t\t<\/div>\n\t\t\t\t\t\t\t<\/div>\n\t\t<\/section>\n\t\t\t\t<section class=\"elementor-section elementor-top-section elementor-element elementor-element-4874486 elementor-section-boxed elementor-section-height-default elementor-section-height-default\" data-id=\"4874486\" data-element_type=\"section\">\n\t\t\t\t\t\t<div class=\"elementor-container elementor-column-gap-default\">\n\t\t\t\t\t<div class=\"elementor-column elementor-col-100 elementor-top-column elementor-element elementor-element-e3cf942\" data-id=\"e3cf942\" data-element_type=\"column\">\n\t\t\t<div class=\"elementor-widget-wrap elementor-element-populated\">\n\t\t\t\t\t\t\t\t<div class=\"elementor-element elementor-element-2082e16 elementor-align-center elementor-widget elementor-widget-button\" data-id=\"2082e16\" data-element_type=\"widget\" data-widget_type=\"button.default\">\n\t\t\t\t<div class=\"elementor-widget-container\">\n\t\t\t\t\t<div class=\"elementor-button-wrapper\">\n\t\t\t<a href=\"https:\/\/wa.link\/yy1pwg\" class=\"elementor-button-link elementor-button elementor-size-sm\" role=\"button\">\n\t\t\t\t\t\t<span class=\"elementor-button-content-wrapper\">\n\t\t\t\t\t\t<span class=\"elementor-button-text\">whatsapp<\/span>\n\t\t<\/span>\n\t\t\t\t\t<\/a>\n\t\t<\/div>\n\t\t\t\t<\/div>\n\t\t\t\t<\/div>\n\t\t\t\t\t<\/div>\n\t\t<\/div>\n\t\t\t\t\t\t\t<\/div>\n\t\t<\/section>\n\t\t\t\t\t\t\t<\/div>\n\t\t","protected":false},"excerpt":{"rendered":"<p>Sof\u00eda Tengo 19 a\u00f1itos me considero una persona muy fogosa, adoro escuchar y me gusta la m\u00fasica electr\u00f3nica. Soy de tez blanca, me considero una persona muy alegre con un gran sentido del humor, carism\u00e1tica, cari\u00f1osa y atenta. Escorpio \u00a1El signo m\u00e1s intenso del Zodiaco! Atractivas, espont\u00e1neas y pasionales, se les suele asociar con el &hellip;<\/p>\n<p class=\"read-more\"> <a class=\"\" href=\"https:\/\/turquesa.com.bo\/?page_id=1444\"> <span class=\"screen-reader-text\">Sof\u00edaoo<\/span> Read More &raquo;<\/a><\/p>\n","protected":false},"author":1,"featured_media":0,"parent":0,"menu_order":0,"comment_status":"closed","ping_status":"closed","template":"","meta":{"om_disable_all_campaigns":false,"_monsterinsights_skip_tracking":false,"_monsterinsights_sitenote_active":false,"_monsterinsights_sitenote_note":"","_monsterinsights_sitenote_category":0,"site-sidebar-layout":"no-sidebar","site-content-layout":"page-builder","ast-global-header-display":"","ast-main-header-display":"","ast-hfb-above-header-display":"","ast-hfb-below-header-display":"","ast-hfb-mobile-header-display":"","site-post-title":"disabled","ast-breadcrumbs-content":"","ast-featured-img":"disabled","footer-sml-layout":"","theme-transparent-header-meta":"","adv-header-id-meta":"","stick-header-meta":"","header-above-stick-meta":"","header-main-stick-meta":"","header-below-stick-meta":""},"aioseo_notices":[],"_links":{"self":[{"href":"https:\/\/turquesa.com.bo\/index.php?rest_route=\/wp\/v2\/pages\/1444"}],"collection":[{"href":"https:\/\/turquesa.com.bo\/index.php?rest_route=\/wp\/v2\/pages"}],"about":[{"href":"https:\/\/turquesa.com.bo\/index.php?rest_route=\/wp\/v2\/types\/page"}],"author":[{"embeddable":true,"href":"https:\/\/turquesa.com.bo\/index.php?rest_route=\/wp\/v2\/users\/1"}],"replies":[{"embeddable":true,"href":"https:\/\/turquesa.com.bo\/index.php?rest_route=%2Fwp%2Fv2%2Fcomments&post=1444"}],"version-history":[{"count":48,"href":"https:\/\/turquesa.com.bo\/index.php?rest_route=\/wp\/v2\/pages\/1444\/revisions"}],"predecessor-version":[{"id":3972,"href":"https:\/\/turquesa.com.bo\/index.php?rest_route=\/wp\/v2\/pages\/1444\/revisions\/3972"}],"wp:attachment":[{"href":"https:\/\/turquesa.com.bo\/index.php?rest_route=%2Fwp%2Fv2%2Fmedia&parent=1444"}],"curies":[{"name":"wp","href":"https:\/\/api.w.org\/{rel}","templated":true}]}}